{"id":11098,"date":"2023-05-26T12:47:31","date_gmt":"2023-05-26T12:47:31","guid":{"rendered":"https:\/\/azoresplayground.com\/product\/furnas-knit-sweater\/"},"modified":"2023-05-31T15:24:46","modified_gmt":"2023-05-31T15:24:46","slug":"furnas-knit-sweater","status":"publish","type":"product","link":"https:\/\/azoresplayground.com\/pt-pt\/produto\/furnas-knit-sweater\/","title":{"rendered":"Camisola Malha Furnas"},"content":{"rendered":"","protected":false},"excerpt":{"rendered":"<p>Camisola malha 100% algod\u00e3o org\u00e2nico com decote redondo e manga comprida. Fecho de 3 bot\u00f5es em madeira.<\/p>\n<p>Fabricado em Portugal.<\/p>\n","protected":false},"featured_media":10695,"template":"","meta":{"_joinchat":[]},"product_cat":[415,147,225],"product_tag":[241,243],"class_list":["post-11098","product","type-product","status-publish","has-post-thumbnail","hentry","product_cat-eco-island-adventures-pt-pt","product_cat-criancas","product_cat-boy-pt-pt","product_tag-algodao-organico","product_tag-malha"],"acf":[],"yoast_head":"<!-- This site is optimized with the Yoast SEO plugin v20.7 - https:\/\/yoast.com\/wordpress\/plugins\/seo\/ -->\n<title>Camisola Malha Furnas - Azores Playground<\/title>\n<meta name=\"robots\" content=\"index, follow, max-snippet:-1, max-image-preview:large, max-video-preview:-1\" \/>\n<link rel=\"canonical\" href=\"https:\/\/azoresplayground.com\/pt-pt\/produto\/furnas-knit-sweater\/\" \/>\n<meta property=\"og:locale\" content=\"pt_PT\" \/>\n<meta property=\"og:type\" content=\"article\" \/>\n<meta property=\"og:title\" content=\"Camisola Malha Furnas - Azores Playground\" \/>\n<meta property=\"og:description\" content=\"Camisola malha 100% algod\u00e3o org\u00e2nico com decote redondo e manga comprida. Fecho de 3 bot\u00f5es em madeira.  Fabricado em Portugal.\" \/>\n<meta property=\"og:url\" content=\"https:\/\/azoresplayground.com\/pt-pt\/produto\/furnas-knit-sweater\/\" \/>\n<meta property=\"og:site_name\" content=\"Azores Playground\" \/>\n<meta property=\"article:publisher\" content=\"https:\/\/www.facebook.com\/azoresplayground\/\" \/>\n<meta property=\"article:modified_time\" content=\"2023-05-31T15:24:46+00:00\" \/>\n<meta property=\"og:image\" content=\"https:\/\/azoresplayground.com\/wp-content\/uploads\/2023\/05\/DSC05696-min-scaled.jpg\" \/>\n\t<meta property=\"og:image:width\" content=\"2560\" \/>\n\t<meta property=\"og:image:height\" content=\"1902\" \/>\n\t<meta property=\"og:image:type\" content=\"image\/jpeg\" \/>\n<meta name=\"twitter:card\" content=\"summary_large_image\" \/>\n<script type=\"application\/ld+json\" class=\"yoast-schema-graph\">{\"@context\":\"https:\/\/schema.org\",\"@graph\":[{\"@type\":\"WebPage\",\"@id\":\"https:\/\/azoresplayground.com\/pt-pt\/produto\/furnas-knit-sweater\/\",\"url\":\"https:\/\/azoresplayground.com\/pt-pt\/produto\/furnas-knit-sweater\/\",\"name\":\"Camisola Malha Furnas - Azores Playground\",\"isPartOf\":{\"@id\":\"https:\/\/azoresplayground.com\/#website\"},\"datePublished\":\"2023-05-26T12:47:31+00:00\",\"dateModified\":\"2023-05-31T15:24:46+00:00\",\"breadcrumb\":{\"@id\":\"https:\/\/azoresplayground.com\/pt-pt\/produto\/furnas-knit-sweater\/#breadcrumb\"},\"inLanguage\":\"pt-PT\",\"potentialAction\":[{\"@type\":\"ReadAction\",\"target\":[\"https:\/\/azoresplayground.com\/pt-pt\/produto\/furnas-knit-sweater\/\"]}]},{\"@type\":\"BreadcrumbList\",\"@id\":\"https:\/\/azoresplayground.com\/pt-pt\/produto\/furnas-knit-sweater\/#breadcrumb\",\"itemListElement\":[{\"@type\":\"ListItem\",\"position\":1,\"name\":\"Home\",\"item\":\"https:\/\/azoresplayground.com\/pt-pt\/\"},{\"@type\":\"ListItem\",\"position\":2,\"name\":\"Loja\",\"item\":\"https:\/\/azoresplayground.com\/pt-pt\/loja\/\"},{\"@type\":\"ListItem\",\"position\":3,\"name\":\"Camisola Malha Furnas\"}]},{\"@type\":\"WebSite\",\"@id\":\"https:\/\/azoresplayground.com\/#website\",\"url\":\"https:\/\/azoresplayground.com\/\",\"name\":\"Azores Playground\",\"description\":\"\",\"publisher\":{\"@id\":\"https:\/\/azoresplayground.com\/#organization\"},\"potentialAction\":[{\"@type\":\"SearchAction\",\"target\":{\"@type\":\"EntryPoint\",\"urlTemplate\":\"https:\/\/azoresplayground.com\/?s={search_term_string}\"},\"query-input\":\"required name=search_term_string\"}],\"inLanguage\":\"pt-PT\"},{\"@type\":\"Organization\",\"@id\":\"https:\/\/azoresplayground.com\/#organization\",\"name\":\"Azores Playground\",\"url\":\"https:\/\/azoresplayground.com\/\",\"logo\":{\"@type\":\"ImageObject\",\"inLanguage\":\"pt-PT\",\"@id\":\"https:\/\/azoresplayground.com\/#\/schema\/logo\/image\/\",\"url\":\"https:\/\/azoresplayground.com\/wp-content\/uploads\/2023\/04\/LOGO_COR_SEMFUNDO.png\",\"contentUrl\":\"https:\/\/azoresplayground.com\/wp-content\/uploads\/2023\/04\/LOGO_COR_SEMFUNDO.png\",\"width\":205,\"height\":113,\"caption\":\"Azores Playground\"},\"image\":{\"@id\":\"https:\/\/azoresplayground.com\/#\/schema\/logo\/image\/\"},\"sameAs\":[\"https:\/\/www.facebook.com\/azoresplayground\/\",\"https:\/\/www.instagram.com\/azoresplayground\/\"]}]}<\/script>\n<!-- \/ Yoast SEO plugin. -->","yoast_head_json":{"title":"Camisola Malha Furnas - Azores Playground","robots":{"index":"index","follow":"follow","max-snippet":"max-snippet:-1","max-image-preview":"max-image-preview:large","max-video-preview":"max-video-preview:-1"},"canonical":"https:\/\/azoresplayground.com\/pt-pt\/produto\/furnas-knit-sweater\/","og_locale":"pt_PT","og_type":"article","og_title":"Camisola Malha Furnas - Azores Playground","og_description":"Camisola malha 100% algod\u00e3o org\u00e2nico com decote redondo e manga comprida. Fecho de 3 bot\u00f5es em madeira.  Fabricado em Portugal.","og_url":"https:\/\/azoresplayground.com\/pt-pt\/produto\/furnas-knit-sweater\/","og_site_name":"Azores Playground","article_publisher":"https:\/\/www.facebook.com\/azoresplayground\/","article_modified_time":"2023-05-31T15:24:46+00:00","og_image":[{"width":2560,"height":1902,"url":"https:\/\/azoresplayground.com\/wp-content\/uploads\/2023\/05\/DSC05696-min-scaled.jpg","type":"image\/jpeg"}],"twitter_card":"summary_large_image","schema":{"@context":"https:\/\/schema.org","@graph":[{"@type":"WebPage","@id":"https:\/\/azoresplayground.com\/pt-pt\/produto\/furnas-knit-sweater\/","url":"https:\/\/azoresplayground.com\/pt-pt\/produto\/furnas-knit-sweater\/","name":"Camisola Malha Furnas - Azores Playground","isPartOf":{"@id":"https:\/\/azoresplayground.com\/#website"},"datePublished":"2023-05-26T12:47:31+00:00","dateModified":"2023-05-31T15:24:46+00:00","breadcrumb":{"@id":"https:\/\/azoresplayground.com\/pt-pt\/produto\/furnas-knit-sweater\/#breadcrumb"},"inLanguage":"pt-PT","potentialAction":[{"@type":"ReadAction","target":["https:\/\/azoresplayground.com\/pt-pt\/produto\/furnas-knit-sweater\/"]}]},{"@type":"BreadcrumbList","@id":"https:\/\/azoresplayground.com\/pt-pt\/produto\/furnas-knit-sweater\/#breadcrumb","itemListElement":[{"@type":"ListItem","position":1,"name":"Home","item":"https:\/\/azoresplayground.com\/pt-pt\/"},{"@type":"ListItem","position":2,"name":"Loja","item":"https:\/\/azoresplayground.com\/pt-pt\/loja\/"},{"@type":"ListItem","position":3,"name":"Camisola Malha Furnas"}]},{"@type":"WebSite","@id":"https:\/\/azoresplayground.com\/#website","url":"https:\/\/azoresplayground.com\/","name":"Azores Playground","description":"","publisher":{"@id":"https:\/\/azoresplayground.com\/#organization"},"potentialAction":[{"@type":"SearchAction","target":{"@type":"EntryPoint","urlTemplate":"https:\/\/azoresplayground.com\/?s={search_term_string}"},"query-input":"required name=search_term_string"}],"inLanguage":"pt-PT"},{"@type":"Organization","@id":"https:\/\/azoresplayground.com\/#organization","name":"Azores Playground","url":"https:\/\/azoresplayground.com\/","logo":{"@type":"ImageObject","inLanguage":"pt-PT","@id":"https:\/\/azoresplayground.com\/#\/schema\/logo\/image\/","url":"https:\/\/azoresplayground.com\/wp-content\/uploads\/2023\/04\/LOGO_COR_SEMFUNDO.png","contentUrl":"https:\/\/azoresplayground.com\/wp-content\/uploads\/2023\/04\/LOGO_COR_SEMFUNDO.png","width":205,"height":113,"caption":"Azores Playground"},"image":{"@id":"https:\/\/azoresplayground.com\/#\/schema\/logo\/image\/"},"sameAs":["https:\/\/www.facebook.com\/azoresplayground\/","https:\/\/www.instagram.com\/azoresplayground\/"]}]}},"_links":{"self":[{"href":"https:\/\/azoresplayground.com\/pt-pt\/wp-json\/wp\/v2\/product\/11098","targetHints":{"allow":["GET"]}}],"collection":[{"href":"https:\/\/azoresplayground.com\/pt-pt\/wp-json\/wp\/v2\/product"}],"about":[{"href":"https:\/\/azoresplayground.com\/pt-pt\/wp-json\/wp\/v2\/types\/product"}],"version-history":[{"count":1,"href":"https:\/\/azoresplayground.com\/pt-pt\/wp-json\/wp\/v2\/product\/11098\/revisions"}],"predecessor-version":[{"id":11334,"href":"https:\/\/azoresplayground.com\/pt-pt\/wp-json\/wp\/v2\/product\/11098\/revisions\/11334"}],"wp:featuredmedia":[{"embeddable":true,"href":"https:\/\/azoresplayground.com\/pt-pt\/wp-json\/wp\/v2\/media\/10695"}],"wp:attachment":[{"href":"https:\/\/azoresplayground.com\/pt-pt\/wp-json\/wp\/v2\/media?parent=11098"}],"wp:term":[{"taxonomy":"product_cat","embeddable":true,"href":"https:\/\/azoresplayground.com\/pt-pt\/wp-json\/wp\/v2\/product_cat?post=11098"},{"taxonomy":"product_tag","embeddable":true,"href":"https:\/\/azoresplayground.com\/pt-pt\/wp-json\/wp\/v2\/product_tag?post=11098"}],"curies":[{"name":"wp","href":"https:\/\/api.w.org\/{rel}","templated":true}]}}