{"id":9938,"date":"2023-05-01T15:59:09","date_gmt":"2023-05-01T15:59:09","guid":{"rendered":"https:\/\/azoresplayground.com\/?page_id=9938"},"modified":"2023-12-22T17:39:06","modified_gmt":"2023-12-22T17:39:06","slug":"revendedor","status":"publish","type":"page","link":"https:\/\/azoresplayground.com\/pt-pt\/revendedor\/","title":{"rendered":"Revendedor"},"content":{"rendered":"\t\t<div data-elementor-type=\"wp-page\" data-elementor-id=\"9938\" class=\"elementor elementor-9938 elementor-8516\">\n\t\t\t\t\t\t\t\t\t<section class=\"wd-negative-gap elementor-section elementor-top-section elementor-element elementor-element-c847976 elementor-section-boxed elementor-section-height-default elementor-section-height-default wd-section-disabled\" data-id=\"c847976\" data-element_type=\"section\">\n\t\t\t\t\t\t<div class=\"elementor-container elementor-column-gap-default\">\n\t\t\t\t\t<div class=\"elementor-column elementor-col-100 elementor-top-column elementor-element elementor-element-0b64c2c\" data-id=\"0b64c2c\" data-element_type=\"column\">\n\t\t\t<div class=\"elementor-widget-wrap elementor-element-populated\">\n\t\t\t\t\t\t\t\t<div class=\"elementor-element elementor-element-c378a21 elementor-widget elementor-widget-wd_title\" data-id=\"c378a21\" data-element_type=\"widget\" data-widget_type=\"wd_title.default\">\n\t\t\t\t<div class=\"elementor-widget-container\">\n\t\t\t\t\t<div class=\"title-wrapper set-mb-s reset-last-child wd-title-color-default wd-title-style-default wd-title-size-default text-center\">\n\n\t\t\t\n\t\t\t<div class=\"liner-continer\">\n\t\t\t\t<h2 class=\"woodmart-title-container title wd-fontsize-l\">Junte-se \u00e0 Nossa Comunidade<\/h2> \n\t\t\t\t\t\t\t<\/div>\n\n\t\t\t\t\t<\/div>\n\t\t\t\t<\/div>\n\t\t\t\t<\/div>\n\t\t\t\t<div class=\"elementor-element elementor-element-a7c3854 elementor-widget elementor-widget-image\" data-id=\"a7c3854\" data-element_type=\"widget\" data-widget_type=\"image.default\">\n\t\t\t\t<div class=\"elementor-widget-container\">\n\t\t\t<style>\/*! elementor - v3.13.2 - 11-05-2023 *\/\n.elementor-widget-image{text-align:center}.elementor-widget-image a{display:inline-block}.elementor-widget-image a img[src$=\".svg\"]{width:48px}.elementor-widget-image img{vertical-align:middle;display:inline-block}<\/style>\t\t\t\t\t\t\t\t\t\t\t\t<img decoding=\"async\" src=\"https:\/\/azoresplayground.com\/wp-content\/uploads\/elementor\/thumbs\/DSC02285-min-scaled-qf99gof596eo22uhwmbubfblh8zg3kazrz6a9xl9zk.jpg\" title=\"DSC02285-min\" alt=\"DSC02285-min\" loading=\"lazy\" \/>\t\t\t\t\t\t\t\t\t\t\t\t\t\t\t<\/div>\n\t\t\t\t<\/div>\n\t\t\t\t<div class=\"elementor-element elementor-element-70899d5 text-center color-scheme-inherit elementor-widget elementor-widget-text-editor\" data-id=\"70899d5\" data-element_type=\"widget\" data-widget_type=\"text-editor.default\">\n\t\t\t\t<div class=\"elementor-widget-container\">\n\t\t\t<style>\/*! elementor - v3.13.2 - 11-05-2023 *\/\n.elementor-widget-text-editor.elementor-drop-cap-view-stacked .elementor-drop-cap{background-color:#69727d;color:#fff}.elementor-widget-text-editor.elementor-drop-cap-view-framed .elementor-drop-cap{color:#69727d;border:3px solid;background-color:transparent}.elementor-widget-text-editor:not(.elementor-drop-cap-view-default) .elementor-drop-cap{margin-top:8px}.elementor-widget-text-editor:not(.elementor-drop-cap-view-default) .elementor-drop-cap-letter{width:1em;height:1em}.elementor-widget-text-editor .elementor-drop-cap{float:left;text-align:center;line-height:1;font-size:50px}.elementor-widget-text-editor .elementor-drop-cap-letter{display:inline-block}<\/style>\t\t\t\t<p>Se \u00e9 propriet\u00e1rio de uma loja e est\u00e1 interessado em melhorar o seu espa\u00e7o com as nossas colec\u00e7\u00f5es, gostar\u00edamos de criar uma parceria consigo. Contacte-nos atrav\u00e9s do nosso formul\u00e1rio e vamos trabalhar em conjunto para criar uma experi\u00eancia de compra fant\u00e1stica para todos!<\/p>\t\t\t\t\t\t<\/div>\n\t\t\t\t<\/div>\n\t\t\t\t<div class=\"elementor-element elementor-element-fc0e22f elementor-button-align-center elementor-widget__width-initial elementor-widget elementor-widget-form\" data-id=\"fc0e22f\" data-element_type=\"widget\" data-settings=\"{&quot;step_next_label&quot;:&quot;Next&quot;,&quot;step_previous_label&quot;:&quot;Previous&quot;,&quot;button_width&quot;:&quot;100&quot;,&quot;step_type&quot;:&quot;number_text&quot;,&quot;step_icon_shape&quot;:&quot;circle&quot;}\" data-widget_type=\"form.default\">\n\t\t\t\t<div class=\"elementor-widget-container\">\n\t\t\t<style>\/*! elementor-pro - v3.13.1 - 11-05-2023 *\/\n.elementor-button.elementor-hidden,.elementor-hidden{display:none}.e-form__step{width:100%}.e-form__step:not(.elementor-hidden){display:flex;flex-wrap:wrap}.e-form__buttons{flex-wrap:wrap}.e-form__buttons,.e-form__buttons__wrapper{display:flex}.e-form__indicators{display:flex;justify-content:space-between;align-items:center;flex-wrap:nowrap;font-size:13px;margin-bottom:var(--e-form-steps-indicators-spacing)}.e-form__indicators__indicator{display:flex;flex-direction:column;align-items:center;justify-content:center;flex-basis:0;padding:0 var(--e-form-steps-divider-gap)}.e-form__indicators__indicator__progress{width:100%;position:relative;background-color:var(--e-form-steps-indicator-progress-background-color);border-radius:var(--e-form-steps-indicator-progress-border-radius);overflow:hidden}.e-form__indicators__indicator__progress__meter{width:var(--e-form-steps-indicator-progress-meter-width,0);height:var(--e-form-steps-indicator-progress-height);line-height:var(--e-form-steps-indicator-progress-height);padding-right:15px;border-radius:var(--e-form-steps-indicator-progress-border-radius);background-color:var(--e-form-steps-indicator-progress-color);color:var(--e-form-steps-indicator-progress-meter-color);text-align:right;transition:width .1s linear}.e-form__indicators__indicator:first-child{padding-left:0}.e-form__indicators__indicator:last-child{padding-right:0}.e-form__indicators__indicator--state-inactive{color:var(--e-form-steps-indicator-inactive-primary-color,#c2cbd2)}.e-form__indicators__indicator--state-inactive [class*=indicator--shape-]:not(.e-form__indicators__indicator--shape-none){background-color:var(--e-form-steps-indicator-inactive-secondary-color,#fff)}.e-form__indicators__indicator--state-inactive object,.e-form__indicators__indicator--state-inactive svg{fill:var(--e-form-steps-indicator-inactive-primary-color,#c2cbd2)}.e-form__indicators__indicator--state-active{color:var(--e-form-steps-indicator-active-primary-color,#39b54a);border-color:var(--e-form-steps-indicator-active-secondary-color,#fff)}.e-form__indicators__indicator--state-active [class*=indicator--shape-]:not(.e-form__indicators__indicator--shape-none){background-color:var(--e-form-steps-indicator-active-secondary-color,#fff)}.e-form__indicators__indicator--state-active object,.e-form__indicators__indicator--state-active svg{fill:var(--e-form-steps-indicator-active-primary-color,#39b54a)}.e-form__indicators__indicator--state-completed{color:var(--e-form-steps-indicator-completed-secondary-color,#fff)}.e-form__indicators__indicator--state-completed [class*=indicator--shape-]:not(.e-form__indicators__indicator--shape-none){background-color:var(--e-form-steps-indicator-completed-primary-color,#39b54a)}.e-form__indicators__indicator--state-completed .e-form__indicators__indicator__label{color:var(--e-form-steps-indicator-completed-primary-color,#39b54a)}.e-form__indicators__indicator--state-completed .e-form__indicators__indicator--shape-none{color:var(--e-form-steps-indicator-completed-primary-color,#39b54a);background-color:initial}.e-form__indicators__indicator--state-completed object,.e-form__indicators__indicator--state-completed svg{fill:var(--e-form-steps-indicator-completed-secondary-color,#fff)}.e-form__indicators__indicator__icon{width:var(--e-form-steps-indicator-padding,30px);height:var(--e-form-steps-indicator-padding,30px);font-size:var(--e-form-steps-indicator-icon-size);border-width:1px;border-style:solid;display:flex;justify-content:center;align-items:center;overflow:hidden;margin-bottom:10px}.e-form__indicators__indicator__icon img,.e-form__indicators__indicator__icon object,.e-form__indicators__indicator__icon svg{width:var(--e-form-steps-indicator-icon-size);height:auto}.e-form__indicators__indicator__icon .e-font-icon-svg{height:1em}.e-form__indicators__indicator__number{width:var(--e-form-steps-indicator-padding,30px);height:var(--e-form-steps-indicator-padding,30px);border-width:1px;border-style:solid;display:flex;justify-content:center;align-items:center;margin-bottom:10px}.e-form__indicators__indicator--shape-circle{border-radius:50%}.e-form__indicators__indicator--shape-square{border-radius:0}.e-form__indicators__indicator--shape-rounded{border-radius:5px}.e-form__indicators__indicator--shape-none{border:0}.e-form__indicators__indicator__label{text-align:center}.e-form__indicators__indicator__separator{width:100%;height:var(--e-form-steps-divider-width);background-color:#babfc5}.e-form__indicators--type-icon,.e-form__indicators--type-icon_text,.e-form__indicators--type-number,.e-form__indicators--type-number_text{align-items:flex-start}.e-form__indicators--type-icon .e-form__indicators__indicator__separator,.e-form__indicators--type-icon_text .e-form__indicators__indicator__separator,.e-form__indicators--type-number .e-form__indicators__indicator__separator,.e-form__indicators--type-number_text .e-form__indicators__indicator__separator{margin-top:calc(var(--e-form-steps-indicator-padding, 30px) \/ 2 - var(--e-form-steps-divider-width, 1px) \/ 2)}.elementor-field-type-hidden{display:none}.elementor-field-type-html{display:inline-block}.elementor-login .elementor-lost-password,.elementor-login .elementor-remember-me{font-size:.85em}.elementor-field-type-recaptcha_v3 .elementor-field-label{display:none}.elementor-field-type-recaptcha_v3 .grecaptcha-badge{z-index:1}.elementor-button .elementor-form-spinner{order:3}.elementor-form .elementor-button>span{display:flex;justify-content:center;align-items:center}.elementor-form .elementor-button .elementor-button-text{white-space:normal;flex-grow:0}.elementor-form .elementor-button svg{height:auto}.elementor-form .elementor-button .e-font-icon-svg{height:1em}.elementor-select-wrapper .select-caret-down-wrapper{position:absolute;top:50%;transform:translateY(-50%);inset-inline-end:10px;pointer-events:none;font-size:11px}.elementor-select-wrapper .select-caret-down-wrapper svg{display:unset;width:1em;aspect-ratio:unset;fill:currentColor}.elementor-select-wrapper .select-caret-down-wrapper i{font-size:19px;line-height:2}.elementor-select-wrapper.remove-before:before{content:\"\"!important}<\/style>\t\t<form class=\"elementor-form\" method=\"post\" name=\"New Form\">\n\t\t\t<input type=\"hidden\" name=\"post_id\" value=\"9938\"\/>\n\t\t\t<input type=\"hidden\" name=\"form_id\" value=\"fc0e22f\"\/>\n\t\t\t<input type=\"hidden\" name=\"referer_title\" value=\"Azores Playground\" \/>\n\n\t\t\t\n\t\t\t<div class=\"elementor-form-fields-wrapper elementor-labels-\">\n\t\t\t\t\t\t\t\t<div class=\"elementor-field-type-text elementor-field-group elementor-column elementor-field-group-name elementor-col-50 elementor-field-required\">\n\t\t\t\t\t\t\t\t\t\t\t\t<label for=\"form-field-name\" class=\"elementor-field-label elementor-screen-only\">\n\t\t\t\t\t\t\t\tNome\t\t\t\t\t\t\t<\/label>\n\t\t\t\t\t\t\t\t\t\t\t\t\t\t<input size=\"1\" type=\"text\" name=\"form_fields[name]\" id=\"form-field-name\" class=\"elementor-field elementor-size-md  elementor-field-textual\" placeholder=\"Nome\" required=\"required\" aria-required=\"true\">\n\t\t\t\t\t\t\t\t\t\t\t<\/div>\n\t\t\t\t\t\t\t\t<div class=\"elementor-field-type-email elementor-field-group elementor-column elementor-field-group-email elementor-col-50 elementor-field-required\">\n\t\t\t\t\t\t\t\t\t\t\t\t<label for=\"form-field-email\" class=\"elementor-field-label elementor-screen-only\">\n\t\t\t\t\t\t\t\tE-mail\t\t\t\t\t\t\t<\/label>\n\t\t\t\t\t\t\t\t\t\t\t\t\t\t<input size=\"1\" type=\"email\" name=\"form_fields[email]\" id=\"form-field-email\" class=\"elementor-field elementor-size-md  elementor-field-textual\" placeholder=\"E-mail\" required=\"required\" aria-required=\"true\">\n\t\t\t\t\t\t\t\t\t\t\t<\/div>\n\t\t\t\t\t\t\t\t<div class=\"elementor-field-type-select elementor-field-group elementor-column elementor-field-group-field_7418e3c elementor-col-50 elementor-field-required\">\n\t\t\t\t\t\t\t\t\t\t\t\t<label for=\"form-field-field_7418e3c\" class=\"elementor-field-label elementor-screen-only\">\n\t\t\t\t\t\t\t\tPa\u00eds\t\t\t\t\t\t\t<\/label>\n\t\t\t\t\t\t\t\t<div class=\"elementor-field elementor-select-wrapper remove-before \">\n\t\t\t<div class=\"select-caret-down-wrapper\">\n\t\t\t\t<i aria-hidden=\"true\" class=\"eicon-caret-down\"><\/i>\t\t\t<\/div>\n\t\t\t<select name=\"form_fields[field_7418e3c]\" id=\"form-field-field_7418e3c\" class=\"elementor-field-textual elementor-size-md\" required=\"required\" aria-required=\"true\">\n\t\t\t\t\t\t\t\t\t<option value=\"Pa\u00eds\">Pa\u00eds<\/option>\n\t\t\t\t\t\t\t\t\t<option value=\"Portugal\">Portugal<\/option>\n\t\t\t\t\t\t\t\t\t<option value=\"Inglaterra\">Inglaterra<\/option>\n\t\t\t\t\t\t\t\t\t<option value=\"Fran\u00e7a\">Fran\u00e7a<\/option>\n\t\t\t\t\t\t\t\t\t<option value=\"Espanha\">Espanha<\/option>\n\t\t\t\t\t\t\t<\/select>\n\t\t<\/div>\n\t\t\t\t\t\t<\/div>\n\t\t\t\t\t\t\t\t<div class=\"elementor-field-type-select elementor-field-group elementor-column elementor-field-group-field_902b1c5 elementor-col-50 elementor-field-required\">\n\t\t\t\t\t\t\t\t\t\t\t\t<label for=\"form-field-field_902b1c5\" class=\"elementor-field-label elementor-screen-only\">\n\t\t\t\t\t\t\t\tComo conheceu a empresa?\t\t\t\t\t\t\t<\/label>\n\t\t\t\t\t\t\t\t<div class=\"elementor-field elementor-select-wrapper remove-before \">\n\t\t\t<div class=\"select-caret-down-wrapper\">\n\t\t\t\t<i aria-hidden=\"true\" class=\"eicon-caret-down\"><\/i>\t\t\t<\/div>\n\t\t\t<select name=\"form_fields[field_902b1c5]\" id=\"form-field-field_902b1c5\" class=\"elementor-field-textual elementor-size-md\" required=\"required\" aria-required=\"true\">\n\t\t\t\t\t\t\t\t\t<option value=\"Como conheceu a empresa?\">Como conheceu a empresa?<\/option>\n\t\t\t\t\t\t\t\t\t<option value=\"Redes sociais\">Redes sociais<\/option>\n\t\t\t\t\t\t\t\t\t<option value=\"Site\">Site<\/option>\n\t\t\t\t\t\t\t\t\t<option value=\"Recomenda\u00e7\u00e3o de amigo\/familiar\">Recomenda\u00e7\u00e3o de amigo\/familiar<\/option>\n\t\t\t\t\t\t\t\t\t<option value=\"Outros\">Outros<\/option>\n\t\t\t\t\t\t\t<\/select>\n\t\t<\/div>\n\t\t\t\t\t\t<\/div>\n\t\t\t\t\t\t\t\t<div class=\"elementor-field-type-textarea elementor-field-group elementor-column elementor-field-group-message elementor-col-100 elementor-field-required\">\n\t\t\t\t\t\t\t\t\t\t\t\t<label for=\"form-field-message\" class=\"elementor-field-label elementor-screen-only\">\n\t\t\t\t\t\t\t\tMensagem\t\t\t\t\t\t\t<\/label>\n\t\t\t\t\t\t<textarea class=\"elementor-field-textual elementor-field  elementor-size-md\" name=\"form_fields[message]\" id=\"form-field-message\" rows=\"10\" placeholder=\"Mensagem\" required=\"required\" aria-required=\"true\"><\/textarea>\t\t\t\t<\/div>\n\t\t\t\t\t\t\t\t<div class=\"elementor-field-group elementor-column elementor-field-type-submit elementor-col-100 e-form__buttons\">\n\t\t\t\t\t<button type=\"submit\" class=\"elementor-button elementor-size-md\">\n\t\t\t\t\t\t<span >\n\t\t\t\t\t\t\t\t\t\t\t\t\t\t\t<span class=\" elementor-button-icon\">\n\t\t\t\t\t\t\t\t\t\t\t\t\t\t\t\t\t\t\t\t\t\t\t\t\t\t<\/span>\n\t\t\t\t\t\t\t\t\t\t\t\t\t\t\t\t\t\t\t\t\t\t<span class=\"elementor-button-text\">Enviar<\/span>\n\t\t\t\t\t\t\t\t\t\t\t\t\t<\/span>\n\t\t\t\t\t<\/button>\n\t\t\t\t<\/div>\n\t\t\t<\/div>\n\t\t<\/form>\n\t\t\t\t<\/div>\n\t\t\t\t<\/div>\n\t\t\t\t\t<\/div>\n\t\t<\/div>\n\t\t\t\t\t\t\t<\/div>\n\t\t<\/section>\n\t\t\t\t\t\t\t<\/div>\n\t\t","protected":false},"excerpt":{"rendered":"<p>Junte-se \u00e0 Nossa Comunidade Se \u00e9 propriet\u00e1rio de uma loja e est\u00e1 interessado em melhorar o seu espa\u00e7o com as<\/p>\n","protected":false},"author":6,"featured_media":0,"parent":0,"menu_order":0,"comment_status":"closed","ping_status":"closed","template":"","meta":{"_joinchat":[],"footnotes":""},"class_list":["post-9938","page","type-page","status-publish","hentry"],"acf":[],"yoast_head":"<!-- This site is optimized with the Yoast SEO plugin v20.7 - https:\/\/yoast.com\/wordpress\/plugins\/seo\/ -->\n<title>Revendedor da Azores Playground - Torne-se num!<\/title>\n<meta name=\"description\" content=\"Se \u00e9 lojista e est\u00e1 \u00e0 procura de adicionar um toque especial ao seu espa\u00e7o com as nossas cole\u00e7\u00f5es, seja ent\u00e3o nosso revendedor!\" \/>\n<meta name=\"robots\" content=\"index, follow, max-snippet:-1, max-image-preview:large, max-video-preview:-1\" \/>\n<link rel=\"canonical\" href=\"https:\/\/azoresplayground.com\/pt-pt\/revendedor\/\" \/>\n<meta property=\"og:locale\" content=\"pt_PT\" \/>\n<meta property=\"og:type\" content=\"article\" \/>\n<meta property=\"og:title\" content=\"Revendedor da Azores Playground - Torne-se num!\" \/>\n<meta property=\"og:description\" content=\"Se \u00e9 lojista e est\u00e1 \u00e0 procura de adicionar um toque especial ao seu espa\u00e7o com as nossas cole\u00e7\u00f5es, seja ent\u00e3o nosso revendedor!\" \/>\n<meta property=\"og:url\" content=\"https:\/\/azoresplayground.com\/pt-pt\/revendedor\/\" \/>\n<meta property=\"og:site_name\" content=\"Azores Playground\" \/>\n<meta property=\"article:publisher\" content=\"https:\/\/www.facebook.com\/azoresplayground\/\" \/>\n<meta property=\"article:modified_time\" content=\"2023-12-22T17:39:06+00:00\" \/>\n<meta property=\"og:image\" content=\"https:\/\/azoresplayground.com\/wp-content\/uploads\/elementor\/thumbs\/DSC02285-min-scaled-qf99gof596eo22uhwmbubfblh8zg3kazrz6a9xl9zk.jpg\" \/>\n<meta name=\"twitter:card\" content=\"summary_large_image\" \/>\n<meta name=\"twitter:label1\" content=\"Tempo estimado de leitura\" \/>\n\t<meta name=\"twitter:data1\" content=\"1 minuto\" \/>\n<script type=\"application\/ld+json\" class=\"yoast-schema-graph\">{\"@context\":\"https:\/\/schema.org\",\"@graph\":[{\"@type\":\"WebPage\",\"@id\":\"https:\/\/azoresplayground.com\/pt-pt\/revendedor\/\",\"url\":\"https:\/\/azoresplayground.com\/pt-pt\/revendedor\/\",\"name\":\"Revendedor da Azores Playground - Torne-se num!\",\"isPartOf\":{\"@id\":\"https:\/\/azoresplayground.com\/#website\"},\"datePublished\":\"2023-05-01T15:59:09+00:00\",\"dateModified\":\"2023-12-22T17:39:06+00:00\",\"description\":\"Se \u00e9 lojista e est\u00e1 \u00e0 procura de adicionar um toque especial ao seu espa\u00e7o com as nossas cole\u00e7\u00f5es, seja ent\u00e3o nosso revendedor!\",\"breadcrumb\":{\"@id\":\"https:\/\/azoresplayground.com\/pt-pt\/revendedor\/#breadcrumb\"},\"inLanguage\":\"pt-PT\",\"potentialAction\":[{\"@type\":\"ReadAction\",\"target\":[\"https:\/\/azoresplayground.com\/pt-pt\/revendedor\/\"]}]},{\"@type\":\"BreadcrumbList\",\"@id\":\"https:\/\/azoresplayground.com\/pt-pt\/revendedor\/#breadcrumb\",\"itemListElement\":[{\"@type\":\"ListItem\",\"position\":1,\"name\":\"Home\",\"item\":\"https:\/\/azoresplayground.com\/pt-pt\/\"},{\"@type\":\"ListItem\",\"position\":2,\"name\":\"Revendedor\"}]},{\"@type\":\"WebSite\",\"@id\":\"https:\/\/azoresplayground.com\/#website\",\"url\":\"https:\/\/azoresplayground.com\/\",\"name\":\"Azores Playground\",\"description\":\"\",\"publisher\":{\"@id\":\"https:\/\/azoresplayground.com\/#organization\"},\"potentialAction\":[{\"@type\":\"SearchAction\",\"target\":{\"@type\":\"EntryPoint\",\"urlTemplate\":\"https:\/\/azoresplayground.com\/?s={search_term_string}\"},\"query-input\":\"required name=search_term_string\"}],\"inLanguage\":\"pt-PT\"},{\"@type\":\"Organization\",\"@id\":\"https:\/\/azoresplayground.com\/#organization\",\"name\":\"Azores Playground\",\"url\":\"https:\/\/azoresplayground.com\/\",\"logo\":{\"@type\":\"ImageObject\",\"inLanguage\":\"pt-PT\",\"@id\":\"https:\/\/azoresplayground.com\/#\/schema\/logo\/image\/\",\"url\":\"https:\/\/azoresplayground.com\/wp-content\/uploads\/2023\/04\/LOGO_COR_SEMFUNDO.png\",\"contentUrl\":\"https:\/\/azoresplayground.com\/wp-content\/uploads\/2023\/04\/LOGO_COR_SEMFUNDO.png\",\"width\":205,\"height\":113,\"caption\":\"Azores Playground\"},\"image\":{\"@id\":\"https:\/\/azoresplayground.com\/#\/schema\/logo\/image\/\"},\"sameAs\":[\"https:\/\/www.facebook.com\/azoresplayground\/\",\"https:\/\/www.instagram.com\/azoresplayground\/\"]}]}<\/script>\n<!-- \/ Yoast SEO plugin. -->","yoast_head_json":{"title":"Revendedor da Azores Playground - Torne-se num!","description":"Se \u00e9 lojista e est\u00e1 \u00e0 procura de adicionar um toque especial ao seu espa\u00e7o com as nossas cole\u00e7\u00f5es, seja ent\u00e3o nosso revendedor!","robots":{"index":"index","follow":"follow","max-snippet":"max-snippet:-1","max-image-preview":"max-image-preview:large","max-video-preview":"max-video-preview:-1"},"canonical":"https:\/\/azoresplayground.com\/pt-pt\/revendedor\/","og_locale":"pt_PT","og_type":"article","og_title":"Revendedor da Azores Playground - Torne-se num!","og_description":"Se \u00e9 lojista e est\u00e1 \u00e0 procura de adicionar um toque especial ao seu espa\u00e7o com as nossas cole\u00e7\u00f5es, seja ent\u00e3o nosso revendedor!","og_url":"https:\/\/azoresplayground.com\/pt-pt\/revendedor\/","og_site_name":"Azores Playground","article_publisher":"https:\/\/www.facebook.com\/azoresplayground\/","article_modified_time":"2023-12-22T17:39:06+00:00","og_image":[{"url":"https:\/\/azoresplayground.com\/wp-content\/uploads\/elementor\/thumbs\/DSC02285-min-scaled-qf99gof596eo22uhwmbubfblh8zg3kazrz6a9xl9zk.jpg"}],"twitter_card":"summary_large_image","twitter_misc":{"Tempo estimado de leitura":"1 minuto"},"schema":{"@context":"https:\/\/schema.org","@graph":[{"@type":"WebPage","@id":"https:\/\/azoresplayground.com\/pt-pt\/revendedor\/","url":"https:\/\/azoresplayground.com\/pt-pt\/revendedor\/","name":"Revendedor da Azores Playground - Torne-se num!","isPartOf":{"@id":"https:\/\/azoresplayground.com\/#website"},"datePublished":"2023-05-01T15:59:09+00:00","dateModified":"2023-12-22T17:39:06+00:00","description":"Se \u00e9 lojista e est\u00e1 \u00e0 procura de adicionar um toque especial ao seu espa\u00e7o com as nossas cole\u00e7\u00f5es, seja ent\u00e3o nosso revendedor!","breadcrumb":{"@id":"https:\/\/azoresplayground.com\/pt-pt\/revendedor\/#breadcrumb"},"inLanguage":"pt-PT","potentialAction":[{"@type":"ReadAction","target":["https:\/\/azoresplayground.com\/pt-pt\/revendedor\/"]}]},{"@type":"BreadcrumbList","@id":"https:\/\/azoresplayground.com\/pt-pt\/revendedor\/#breadcrumb","itemListElement":[{"@type":"ListItem","position":1,"name":"Home","item":"https:\/\/azoresplayground.com\/pt-pt\/"},{"@type":"ListItem","position":2,"name":"Revendedor"}]},{"@type":"WebSite","@id":"https:\/\/azoresplayground.com\/#website","url":"https:\/\/azoresplayground.com\/","name":"Azores Playground","description":"","publisher":{"@id":"https:\/\/azoresplayground.com\/#organization"},"potentialAction":[{"@type":"SearchAction","target":{"@type":"EntryPoint","urlTemplate":"https:\/\/azoresplayground.com\/?s={search_term_string}"},"query-input":"required name=search_term_string"}],"inLanguage":"pt-PT"},{"@type":"Organization","@id":"https:\/\/azoresplayground.com\/#organization","name":"Azores Playground","url":"https:\/\/azoresplayground.com\/","logo":{"@type":"ImageObject","inLanguage":"pt-PT","@id":"https:\/\/azoresplayground.com\/#\/schema\/logo\/image\/","url":"https:\/\/azoresplayground.com\/wp-content\/uploads\/2023\/04\/LOGO_COR_SEMFUNDO.png","contentUrl":"https:\/\/azoresplayground.com\/wp-content\/uploads\/2023\/04\/LOGO_COR_SEMFUNDO.png","width":205,"height":113,"caption":"Azores Playground"},"image":{"@id":"https:\/\/azoresplayground.com\/#\/schema\/logo\/image\/"},"sameAs":["https:\/\/www.facebook.com\/azoresplayground\/","https:\/\/www.instagram.com\/azoresplayground\/"]}]}},"_links":{"self":[{"href":"https:\/\/azoresplayground.com\/pt-pt\/wp-json\/wp\/v2\/pages\/9938","targetHints":{"allow":["GET"]}}],"collection":[{"href":"https:\/\/azoresplayground.com\/pt-pt\/wp-json\/wp\/v2\/pages"}],"about":[{"href":"https:\/\/azoresplayground.com\/pt-pt\/wp-json\/wp\/v2\/types\/page"}],"author":[{"embeddable":true,"href":"https:\/\/azoresplayground.com\/pt-pt\/wp-json\/wp\/v2\/users\/6"}],"replies":[{"embeddable":true,"href":"https:\/\/azoresplayground.com\/pt-pt\/wp-json\/wp\/v2\/comments?post=9938"}],"version-history":[{"count":30,"href":"https:\/\/azoresplayground.com\/pt-pt\/wp-json\/wp\/v2\/pages\/9938\/revisions"}],"predecessor-version":[{"id":14482,"href":"https:\/\/azoresplayground.com\/pt-pt\/wp-json\/wp\/v2\/pages\/9938\/revisions\/14482"}],"wp:attachment":[{"href":"https:\/\/azoresplayground.com\/pt-pt\/wp-json\/wp\/v2\/media?parent=9938"}],"curies":[{"name":"wp","href":"https:\/\/api.w.org\/{rel}","templated":true}]}}