{"id":12141,"date":"2023-06-30T12:56:45","date_gmt":"2023-06-30T12:56:45","guid":{"rendered":"https:\/\/azoresplayground.com\/sustainability-policy\/"},"modified":"2023-12-22T17:37:51","modified_gmt":"2023-12-22T17:37:51","slug":"politica-de-sustentabilidade","status":"publish","type":"page","link":"https:\/\/azoresplayground.com\/pt-pt\/politica-de-sustentabilidade\/","title":{"rendered":"Politica de sustentabilidade"},"content":{"rendered":"\t\t<div data-elementor-type=\"wp-page\" data-elementor-id=\"12141\" class=\"elementor elementor-12141 elementor-12135\">\n\t\t\t\t\t\t\t\t\t<section class=\"wd-negative-gap elementor-section elementor-top-section elementor-element elementor-element-b990078 elementor-section-boxed elementor-section-height-default elementor-section-height-default wd-section-disabled\" data-id=\"b990078\" data-element_type=\"section\">\n\t\t\t\t\t\t<div class=\"elementor-container elementor-column-gap-default\">\n\t\t\t\t\t<div class=\"elementor-column elementor-col-100 elementor-top-column elementor-element elementor-element-a1a559a\" data-id=\"a1a559a\" data-element_type=\"column\">\n\t\t\t<div class=\"elementor-widget-wrap elementor-element-populated\">\n\t\t\t\t\t\t\t\t<div class=\"elementor-element elementor-element-b8e5666 elementor-widget elementor-widget-wd_text_block\" data-id=\"b8e5666\" data-element_type=\"widget\" data-widget_type=\"wd_text_block.default\">\n\t\t\t\t<div class=\"elementor-widget-container\">\n\t\t\t\t\t<div class=\"wd-text-block reset-last-child text-left\">\n\t\t\t\n\t\t\t<p>Queremos contribuir para um mundo mais sustent\u00e1vel, e por isso as nossas pol\u00edticas s\u00e3o compostas por um conjunto de compromissos que orientam as nossas decis\u00f5es, desde logo o compromisso por um desenvolvimento sustent\u00e1vel, entendido como a procura simult\u00e2nea da prosperidade econ\u00f3mica, responsabilidade ambiental e equidade social.<\/p><p>Todos os nossos produtos s\u00e3o constitu\u00eddos por mat\u00e9rias-primas org\u00e2nicas e artesanais. Todo o branding da marca \u00e9 constitu\u00eddo por papel reciclado.<\/p><p>A nossa vis\u00e3o de sustentabilidade tamb\u00e9m inclui o compromisso de encorajarmos ativamente todos os parceiros e partes interessadas a empenharem-se nas tarefas do Desenvolvimento Sustent\u00e1vel.<\/p>\n\t\t\t\t\t<\/div>\n\t\t\t\t<\/div>\n\t\t\t\t<\/div>\n\t\t\t\t\t<\/div>\n\t\t<\/div>\n\t\t\t\t\t\t\t<\/div>\n\t\t<\/section>\n\t\t\t\t\t\t\t<\/div>\n\t\t","protected":false},"excerpt":{"rendered":"<p>Queremos contribuir para um mundo mais sustent\u00e1vel, e por isso as nossas pol\u00edticas s\u00e3o compostas por um conjunto de compromissos<\/p>\n","protected":false},"author":2,"featured_media":0,"parent":0,"menu_order":0,"comment_status":"closed","ping_status":"closed","template":"","meta":{"_joinchat":[],"footnotes":""},"class_list":["post-12141","page","type-page","status-publish","hentry"],"acf":[],"yoast_head":"<!-- This site is optimized with the Yoast SEO plugin v20.7 - https:\/\/yoast.com\/wordpress\/plugins\/seo\/ -->\n<title>Politica de sustentabilidade - Azores Playground<\/title>\n<meta name=\"description\" content=\"Todos os nossos produtos s\u00e3o constitu\u00eddos por mat\u00e9rias-primas org\u00e2nicas e artesanais. Saiba tudo sobre a nossa Politica de Sustentabilidade.\" \/>\n<meta name=\"robots\" content=\"index, follow, max-snippet:-1, max-image-preview:large, max-video-preview:-1\" \/>\n<link rel=\"canonical\" href=\"https:\/\/azoresplayground.com\/pt-pt\/politica-de-sustentabilidade\/\" \/>\n<meta property=\"og:locale\" content=\"pt_PT\" \/>\n<meta property=\"og:type\" content=\"article\" \/>\n<meta property=\"og:title\" content=\"Politica de sustentabilidade - Azores Playground\" \/>\n<meta property=\"og:description\" content=\"Todos os nossos produtos s\u00e3o constitu\u00eddos por mat\u00e9rias-primas org\u00e2nicas e artesanais. Saiba tudo sobre a nossa Politica de Sustentabilidade.\" \/>\n<meta property=\"og:url\" content=\"https:\/\/azoresplayground.com\/pt-pt\/politica-de-sustentabilidade\/\" \/>\n<meta property=\"og:site_name\" content=\"Azores Playground\" \/>\n<meta property=\"article:publisher\" content=\"https:\/\/www.facebook.com\/azoresplayground\/\" \/>\n<meta property=\"article:modified_time\" content=\"2023-12-22T17:37:51+00:00\" \/>\n<meta name=\"twitter:card\" content=\"summary_large_image\" \/>\n<meta name=\"twitter:label1\" content=\"Tempo estimado de leitura\" \/>\n\t<meta name=\"twitter:data1\" content=\"1 minuto\" \/>\n<script type=\"application\/ld+json\" class=\"yoast-schema-graph\">{\"@context\":\"https:\/\/schema.org\",\"@graph\":[{\"@type\":\"WebPage\",\"@id\":\"https:\/\/azoresplayground.com\/pt-pt\/politica-de-sustentabilidade\/\",\"url\":\"https:\/\/azoresplayground.com\/pt-pt\/politica-de-sustentabilidade\/\",\"name\":\"Politica de sustentabilidade - Azores Playground\",\"isPartOf\":{\"@id\":\"https:\/\/azoresplayground.com\/#website\"},\"datePublished\":\"2023-06-30T12:56:45+00:00\",\"dateModified\":\"2023-12-22T17:37:51+00:00\",\"description\":\"Todos os nossos produtos s\u00e3o constitu\u00eddos por mat\u00e9rias-primas org\u00e2nicas e artesanais. Saiba tudo sobre a nossa Politica de Sustentabilidade.\",\"breadcrumb\":{\"@id\":\"https:\/\/azoresplayground.com\/pt-pt\/politica-de-sustentabilidade\/#breadcrumb\"},\"inLanguage\":\"pt-PT\",\"potentialAction\":[{\"@type\":\"ReadAction\",\"target\":[\"https:\/\/azoresplayground.com\/pt-pt\/politica-de-sustentabilidade\/\"]}]},{\"@type\":\"BreadcrumbList\",\"@id\":\"https:\/\/azoresplayground.com\/pt-pt\/politica-de-sustentabilidade\/#breadcrumb\",\"itemListElement\":[{\"@type\":\"ListItem\",\"position\":1,\"name\":\"Home\",\"item\":\"https:\/\/azoresplayground.com\/pt-pt\/\"},{\"@type\":\"ListItem\",\"position\":2,\"name\":\"Politica de sustentabilidade\"}]},{\"@type\":\"WebSite\",\"@id\":\"https:\/\/azoresplayground.com\/#website\",\"url\":\"https:\/\/azoresplayground.com\/\",\"name\":\"Azores Playground\",\"description\":\"\",\"publisher\":{\"@id\":\"https:\/\/azoresplayground.com\/#organization\"},\"potentialAction\":[{\"@type\":\"SearchAction\",\"target\":{\"@type\":\"EntryPoint\",\"urlTemplate\":\"https:\/\/azoresplayground.com\/?s={search_term_string}\"},\"query-input\":\"required name=search_term_string\"}],\"inLanguage\":\"pt-PT\"},{\"@type\":\"Organization\",\"@id\":\"https:\/\/azoresplayground.com\/#organization\",\"name\":\"Azores Playground\",\"url\":\"https:\/\/azoresplayground.com\/\",\"logo\":{\"@type\":\"ImageObject\",\"inLanguage\":\"pt-PT\",\"@id\":\"https:\/\/azoresplayground.com\/#\/schema\/logo\/image\/\",\"url\":\"https:\/\/azoresplayground.com\/wp-content\/uploads\/2023\/04\/LOGO_COR_SEMFUNDO.png\",\"contentUrl\":\"https:\/\/azoresplayground.com\/wp-content\/uploads\/2023\/04\/LOGO_COR_SEMFUNDO.png\",\"width\":205,\"height\":113,\"caption\":\"Azores Playground\"},\"image\":{\"@id\":\"https:\/\/azoresplayground.com\/#\/schema\/logo\/image\/\"},\"sameAs\":[\"https:\/\/www.facebook.com\/azoresplayground\/\",\"https:\/\/www.instagram.com\/azoresplayground\/\"]}]}<\/script>\n<!-- \/ Yoast SEO plugin. -->","yoast_head_json":{"title":"Politica de sustentabilidade - Azores Playground","description":"Todos os nossos produtos s\u00e3o constitu\u00eddos por mat\u00e9rias-primas org\u00e2nicas e artesanais. Saiba tudo sobre a nossa Politica de Sustentabilidade.","robots":{"index":"index","follow":"follow","max-snippet":"max-snippet:-1","max-image-preview":"max-image-preview:large","max-video-preview":"max-video-preview:-1"},"canonical":"https:\/\/azoresplayground.com\/pt-pt\/politica-de-sustentabilidade\/","og_locale":"pt_PT","og_type":"article","og_title":"Politica de sustentabilidade - Azores Playground","og_description":"Todos os nossos produtos s\u00e3o constitu\u00eddos por mat\u00e9rias-primas org\u00e2nicas e artesanais. Saiba tudo sobre a nossa Politica de Sustentabilidade.","og_url":"https:\/\/azoresplayground.com\/pt-pt\/politica-de-sustentabilidade\/","og_site_name":"Azores Playground","article_publisher":"https:\/\/www.facebook.com\/azoresplayground\/","article_modified_time":"2023-12-22T17:37:51+00:00","twitter_card":"summary_large_image","twitter_misc":{"Tempo estimado de leitura":"1 minuto"},"schema":{"@context":"https:\/\/schema.org","@graph":[{"@type":"WebPage","@id":"https:\/\/azoresplayground.com\/pt-pt\/politica-de-sustentabilidade\/","url":"https:\/\/azoresplayground.com\/pt-pt\/politica-de-sustentabilidade\/","name":"Politica de sustentabilidade - Azores Playground","isPartOf":{"@id":"https:\/\/azoresplayground.com\/#website"},"datePublished":"2023-06-30T12:56:45+00:00","dateModified":"2023-12-22T17:37:51+00:00","description":"Todos os nossos produtos s\u00e3o constitu\u00eddos por mat\u00e9rias-primas org\u00e2nicas e artesanais. Saiba tudo sobre a nossa Politica de Sustentabilidade.","breadcrumb":{"@id":"https:\/\/azoresplayground.com\/pt-pt\/politica-de-sustentabilidade\/#breadcrumb"},"inLanguage":"pt-PT","potentialAction":[{"@type":"ReadAction","target":["https:\/\/azoresplayground.com\/pt-pt\/politica-de-sustentabilidade\/"]}]},{"@type":"BreadcrumbList","@id":"https:\/\/azoresplayground.com\/pt-pt\/politica-de-sustentabilidade\/#breadcrumb","itemListElement":[{"@type":"ListItem","position":1,"name":"Home","item":"https:\/\/azoresplayground.com\/pt-pt\/"},{"@type":"ListItem","position":2,"name":"Politica de sustentabilidade"}]},{"@type":"WebSite","@id":"https:\/\/azoresplayground.com\/#website","url":"https:\/\/azoresplayground.com\/","name":"Azores Playground","description":"","publisher":{"@id":"https:\/\/azoresplayground.com\/#organization"},"potentialAction":[{"@type":"SearchAction","target":{"@type":"EntryPoint","urlTemplate":"https:\/\/azoresplayground.com\/?s={search_term_string}"},"query-input":"required name=search_term_string"}],"inLanguage":"pt-PT"},{"@type":"Organization","@id":"https:\/\/azoresplayground.com\/#organization","name":"Azores Playground","url":"https:\/\/azoresplayground.com\/","logo":{"@type":"ImageObject","inLanguage":"pt-PT","@id":"https:\/\/azoresplayground.com\/#\/schema\/logo\/image\/","url":"https:\/\/azoresplayground.com\/wp-content\/uploads\/2023\/04\/LOGO_COR_SEMFUNDO.png","contentUrl":"https:\/\/azoresplayground.com\/wp-content\/uploads\/2023\/04\/LOGO_COR_SEMFUNDO.png","width":205,"height":113,"caption":"Azores Playground"},"image":{"@id":"https:\/\/azoresplayground.com\/#\/schema\/logo\/image\/"},"sameAs":["https:\/\/www.facebook.com\/azoresplayground\/","https:\/\/www.instagram.com\/azoresplayground\/"]}]}},"_links":{"self":[{"href":"https:\/\/azoresplayground.com\/pt-pt\/wp-json\/wp\/v2\/pages\/12141","targetHints":{"allow":["GET"]}}],"collection":[{"href":"https:\/\/azoresplayground.com\/pt-pt\/wp-json\/wp\/v2\/pages"}],"about":[{"href":"https:\/\/azoresplayground.com\/pt-pt\/wp-json\/wp\/v2\/types\/page"}],"author":[{"embeddable":true,"href":"https:\/\/azoresplayground.com\/pt-pt\/wp-json\/wp\/v2\/users\/2"}],"replies":[{"embeddable":true,"href":"https:\/\/azoresplayground.com\/pt-pt\/wp-json\/wp\/v2\/comments?post=12141"}],"version-history":[{"count":5,"href":"https:\/\/azoresplayground.com\/pt-pt\/wp-json\/wp\/v2\/pages\/12141\/revisions"}],"predecessor-version":[{"id":14481,"href":"https:\/\/azoresplayground.com\/pt-pt\/wp-json\/wp\/v2\/pages\/12141\/revisions\/14481"}],"wp:attachment":[{"href":"https:\/\/azoresplayground.com\/pt-pt\/wp-json\/wp\/v2\/media?parent=12141"}],"curies":[{"name":"wp","href":"https:\/\/api.w.org\/{rel}","templated":true}]}}