{"id":10121,"date":"2023-05-01T15:58:58","date_gmt":"2023-05-01T15:58:58","guid":{"rendered":"https:\/\/azoresplayground.com\/?page_id=10121"},"modified":"2023-12-22T18:16:09","modified_gmt":"2023-12-22T18:16:09","slug":"faqs","status":"publish","type":"page","link":"https:\/\/azoresplayground.com\/pt-pt\/faqs\/","title":{"rendered":"FAQ&#8217;s"},"content":{"rendered":"\t\t<div data-elementor-type=\"wp-page\" data-elementor-id=\"10121\" class=\"elementor elementor-10121 elementor-8514\">\n\t\t\t\t\t\t\t\t\t<section class=\"wd-negative-gap elementor-section elementor-top-section elementor-element elementor-element-7e5c6a9 elementor-section-boxed elementor-section-height-default elementor-section-height-default wd-section-disabled\" data-id=\"7e5c6a9\" data-element_type=\"section\">\n\t\t\t\t\t\t<div class=\"elementor-container elementor-column-gap-default\">\n\t\t\t\t\t<div class=\"elementor-column elementor-col-100 elementor-top-column elementor-element elementor-element-2f822c7\" data-id=\"2f822c7\" data-element_type=\"column\">\n\t\t\t<div class=\"elementor-widget-wrap elementor-element-populated\">\n\t\t\t\t\t\t\t\t<div class=\"elementor-element elementor-element-78baf25 elementor-widget elementor-widget-wd_title\" data-id=\"78baf25\" data-element_type=\"widget\" data-widget_type=\"wd_title.default\">\n\t\t\t\t<div class=\"elementor-widget-container\">\n\t\t\t\t\t<div class=\"title-wrapper set-mb-s reset-last-child wd-title-color-default wd-title-style-default wd-title-size-default text-center\">\n\n\t\t\t\n\t\t\t<div class=\"liner-continer\">\n\t\t\t\t<h4 class=\"woodmart-title-container title wd-fontsize-l\">Informa\u00e7\u00e3o de pagamento<\/h4> \n\t\t\t\t\t\t\t<\/div>\n\n\t\t\t\t\t<\/div>\n\t\t\t\t<\/div>\n\t\t\t\t<\/div>\n\t\t\t\t<div class=\"elementor-element elementor-element-daa904b elementor-widget elementor-widget-wd_accordion\" data-id=\"daa904b\" data-element_type=\"widget\" data-widget_type=\"wd_accordion.default\">\n\t\t\t\t<div class=\"elementor-widget-container\">\n\t\t\t\n\t\t<div class=\"wd-accordion wd-style-default\" data-state=\"first\">\n\t\t\t\t\t\t\t\n\t\t\t\t<div class=\"wd-accordion-item\">\n\t\t\t\t\t<div class=\"wd-accordion-title wd-active text-left wd-opener-pos-right\" data-accordion-index=\"0\">\n\t\t\t\t\t\t<div class=\"wd-accordion-title-text\">\n\t\t\t\t\t\t\t\t\t\t\t\t\t\t<span>\n\t\t\t\t\t\t\t\tQuais s\u00e3o as op\u00e7\u00f5es de pagamento?\t\t\t\t\t\t\t<\/span>\n\t\t\t\t\t\t<\/div>\n\t\t\t\t\t\t<span class=\"wd-accordion-opener wd-opener-style-arrow\"><\/span>\n\t\t\t\t\t<\/div>\n\n\t\t\t\t\t<div class=\"wd-accordion-content reset-last-child wd-active\" data-accordion-index=\"0\">\n\t\t\t\t\t\t\t\t\t\t\t\t\t\n\t\t\t\t\t\t\t<p>Pode efectuar o pagamento das suas encomendas por multibanco, cart\u00e3o de cr\u00e9dito, transfer\u00eancia banc\u00e1ria, paypal ou mbway.<\/p>\n\t\t\t\t\t\t\t\t\t\t\t\t\t\t\t\t\t\t<\/div>\n\t\t\t\t<\/div>\n\t\t\t\t\t\t\t\n\t\t\t\t<div class=\"wd-accordion-item\">\n\t\t\t\t\t<div class=\"wd-accordion-title text-left wd-opener-pos-right\" data-accordion-index=\"1\">\n\t\t\t\t\t\t<div class=\"wd-accordion-title-text\">\n\t\t\t\t\t\t\t\t\t\t\t\t\t\t<span>\n\t\t\t\t\t\t\t\tComo funciona uma devolu\u00e7\u00e3o ou troca?\t\t\t\t\t\t\t<\/span>\n\t\t\t\t\t\t<\/div>\n\t\t\t\t\t\t<span class=\"wd-accordion-opener wd-opener-style-arrow\"><\/span>\n\t\t\t\t\t<\/div>\n\n\t\t\t\t\t<div class=\"wd-accordion-content reset-last-child\" data-accordion-index=\"1\">\n\t\t\t\t\t\t\t\t\t\t\t\t\t\n\t\t\t\t\t\t\t<p>Se recebeu a encomenda e esta apresenta algum problema ou se por algum motivo n\u00e3o est\u00e1 satisfeito(a), pode efetuar a sua devolu\u00e7\u00e3o, no prazo de 30 dias a partir da rece\u00e7\u00e3o da encomenda. Pode iniciar um processo de troca ou devolu\u00e7\u00e3o, de forma aut\u00f3noma e autom\u00e1tica, na sua \u00e1rea de cliente.<\/p>\n\t\t\t\t\t\t\t\t\t\t\t\t\t\t\t\t\t\t<\/div>\n\t\t\t\t<\/div>\n\t\t\t\t\t\t\t\n\t\t\t\t<div class=\"wd-accordion-item\">\n\t\t\t\t\t<div class=\"wd-accordion-title text-left wd-opener-pos-right\" data-accordion-index=\"2\">\n\t\t\t\t\t\t<div class=\"wd-accordion-title-text\">\n\t\t\t\t\t\t\t\t\t\t\t\t\t\t<span>\n\t\t\t\t\t\t\t\tQual o tamanho adequado?\t\t\t\t\t\t\t<\/span>\n\t\t\t\t\t\t<\/div>\n\t\t\t\t\t\t<span class=\"wd-accordion-opener wd-opener-style-arrow\"><\/span>\n\t\t\t\t\t<\/div>\n\n\t\t\t\t\t<div class=\"wd-accordion-content reset-last-child\" data-accordion-index=\"2\">\n\t\t\t\t\t\t\t\t\t\t\t\t\t\n\t\t\t\t\t\t\t<p>Para encontrar o tamanho correto, utilize o nosso <a href=\"https:\/\/azoresplayground.com\/pt-pt\/guia-de-tamanho\/\">Guia de Tamanhos<\/a>.<\/p>\n\t\t\t\t\t\t\t\t\t\t\t\t\t\t\t\t\t\t<\/div>\n\t\t\t\t<\/div>\n\t\t\t\t\t<\/div>\n\t\t\t\t<\/div>\n\t\t\t\t<\/div>\n\t\t\t\t\t<\/div>\n\t\t<\/div>\n\t\t\t\t\t\t\t<\/div>\n\t\t<\/section>\n\t\t\t\t\t\t\t<\/div>\n\t\t","protected":false},"excerpt":{"rendered":"<p>Informa\u00e7\u00e3o de pagamento Quais s\u00e3o as op\u00e7\u00f5es de pagamento? Pode efectuar o pagamento das suas encomendas por multibanco, cart\u00e3o de<\/p>\n","protected":false},"author":6,"featured_media":11581,"parent":0,"menu_order":0,"comment_status":"closed","ping_status":"closed","template":"","meta":{"_joinchat":[],"footnotes":""},"class_list":["post-10121","page","type-page","status-publish","has-post-thumbnail","hentry"],"acf":[],"yoast_head":"<!-- This site is optimized with the Yoast SEO plugin v20.7 - https:\/\/yoast.com\/wordpress\/plugins\/seo\/ -->\n<title>Roupas Bebe Recem Nascido - FAQS - Azores Playground<\/title>\n<meta name=\"description\" content=\"Descubra tudo sobre as nossas roupas para bebe recem nascido bordadas \u00e0 m\u00e3o, produzidas com algod\u00e3o org\u00e2nico. Leia as nossas FAQ&#039;s.\" \/>\n<meta name=\"robots\" content=\"index, follow, max-snippet:-1, max-image-preview:large, max-video-preview:-1\" \/>\n<link rel=\"canonical\" href=\"https:\/\/azoresplayground.com\/pt-pt\/faqs\/\" \/>\n<meta property=\"og:locale\" content=\"pt_PT\" \/>\n<meta property=\"og:type\" content=\"article\" \/>\n<meta property=\"og:title\" content=\"Roupas Bebe Recem Nascido - FAQS - Azores Playground\" \/>\n<meta property=\"og:description\" content=\"Descubra tudo sobre as nossas roupas para bebe recem nascido bordadas \u00e0 m\u00e3o, produzidas com algod\u00e3o org\u00e2nico. Leia as nossas FAQ&#039;s.\" \/>\n<meta property=\"og:url\" content=\"https:\/\/azoresplayground.com\/pt-pt\/faqs\/\" \/>\n<meta property=\"og:site_name\" content=\"Azores Playground\" \/>\n<meta property=\"article:publisher\" content=\"https:\/\/www.facebook.com\/azoresplayground\/\" \/>\n<meta property=\"article:modified_time\" content=\"2023-12-22T18:16:09+00:00\" \/>\n<meta property=\"og:image\" content=\"https:\/\/azoresplayground.com\/wp-content\/uploads\/2023\/06\/8287588-min-1200x800.png\" \/>\n\t<meta property=\"og:image:width\" content=\"1200\" \/>\n\t<meta property=\"og:image:height\" content=\"800\" \/>\n\t<meta property=\"og:image:type\" content=\"image\/png\" \/>\n<meta name=\"twitter:card\" content=\"summary_large_image\" \/>\n<meta name=\"twitter:label1\" content=\"Tempo estimado de leitura\" \/>\n\t<meta name=\"twitter:data1\" content=\"1 minuto\" \/>\n<script type=\"application\/ld+json\" class=\"yoast-schema-graph\">{\"@context\":\"https:\/\/schema.org\",\"@graph\":[{\"@type\":\"WebPage\",\"@id\":\"https:\/\/azoresplayground.com\/pt-pt\/faqs\/\",\"url\":\"https:\/\/azoresplayground.com\/pt-pt\/faqs\/\",\"name\":\"Roupas Bebe Recem Nascido - FAQS - Azores Playground\",\"isPartOf\":{\"@id\":\"https:\/\/azoresplayground.com\/#website\"},\"datePublished\":\"2023-05-01T15:58:58+00:00\",\"dateModified\":\"2023-12-22T18:16:09+00:00\",\"description\":\"Descubra tudo sobre as nossas roupas para bebe recem nascido bordadas \u00e0 m\u00e3o, produzidas com algod\u00e3o org\u00e2nico. Leia as nossas FAQ's.\",\"breadcrumb\":{\"@id\":\"https:\/\/azoresplayground.com\/pt-pt\/faqs\/#breadcrumb\"},\"inLanguage\":\"pt-PT\",\"potentialAction\":[{\"@type\":\"ReadAction\",\"target\":[\"https:\/\/azoresplayground.com\/pt-pt\/faqs\/\"]}]},{\"@type\":\"BreadcrumbList\",\"@id\":\"https:\/\/azoresplayground.com\/pt-pt\/faqs\/#breadcrumb\",\"itemListElement\":[{\"@type\":\"ListItem\",\"position\":1,\"name\":\"Home\",\"item\":\"https:\/\/azoresplayground.com\/pt-pt\/\"},{\"@type\":\"ListItem\",\"position\":2,\"name\":\"FAQ&#8217;s\"}]},{\"@type\":\"WebSite\",\"@id\":\"https:\/\/azoresplayground.com\/#website\",\"url\":\"https:\/\/azoresplayground.com\/\",\"name\":\"Azores Playground\",\"description\":\"\",\"publisher\":{\"@id\":\"https:\/\/azoresplayground.com\/#organization\"},\"potentialAction\":[{\"@type\":\"SearchAction\",\"target\":{\"@type\":\"EntryPoint\",\"urlTemplate\":\"https:\/\/azoresplayground.com\/?s={search_term_string}\"},\"query-input\":\"required name=search_term_string\"}],\"inLanguage\":\"pt-PT\"},{\"@type\":\"Organization\",\"@id\":\"https:\/\/azoresplayground.com\/#organization\",\"name\":\"Azores Playground\",\"url\":\"https:\/\/azoresplayground.com\/\",\"logo\":{\"@type\":\"ImageObject\",\"inLanguage\":\"pt-PT\",\"@id\":\"https:\/\/azoresplayground.com\/#\/schema\/logo\/image\/\",\"url\":\"https:\/\/azoresplayground.com\/wp-content\/uploads\/2023\/04\/LOGO_COR_SEMFUNDO.png\",\"contentUrl\":\"https:\/\/azoresplayground.com\/wp-content\/uploads\/2023\/04\/LOGO_COR_SEMFUNDO.png\",\"width\":205,\"height\":113,\"caption\":\"Azores Playground\"},\"image\":{\"@id\":\"https:\/\/azoresplayground.com\/#\/schema\/logo\/image\/\"},\"sameAs\":[\"https:\/\/www.facebook.com\/azoresplayground\/\",\"https:\/\/www.instagram.com\/azoresplayground\/\"]}]}<\/script>\n<!-- \/ Yoast SEO plugin. -->","yoast_head_json":{"title":"Roupas Bebe Recem Nascido - FAQS - Azores Playground","description":"Descubra tudo sobre as nossas roupas para bebe recem nascido bordadas \u00e0 m\u00e3o, produzidas com algod\u00e3o org\u00e2nico. Leia as nossas FAQ's.","robots":{"index":"index","follow":"follow","max-snippet":"max-snippet:-1","max-image-preview":"max-image-preview:large","max-video-preview":"max-video-preview:-1"},"canonical":"https:\/\/azoresplayground.com\/pt-pt\/faqs\/","og_locale":"pt_PT","og_type":"article","og_title":"Roupas Bebe Recem Nascido - FAQS - Azores Playground","og_description":"Descubra tudo sobre as nossas roupas para bebe recem nascido bordadas \u00e0 m\u00e3o, produzidas com algod\u00e3o org\u00e2nico. Leia as nossas FAQ's.","og_url":"https:\/\/azoresplayground.com\/pt-pt\/faqs\/","og_site_name":"Azores Playground","article_publisher":"https:\/\/www.facebook.com\/azoresplayground\/","article_modified_time":"2023-12-22T18:16:09+00:00","og_image":[{"width":1200,"height":800,"url":"https:\/\/azoresplayground.com\/wp-content\/uploads\/2023\/06\/8287588-min-1200x800.png","type":"image\/png"}],"twitter_card":"summary_large_image","twitter_misc":{"Tempo estimado de leitura":"1 minuto"},"schema":{"@context":"https:\/\/schema.org","@graph":[{"@type":"WebPage","@id":"https:\/\/azoresplayground.com\/pt-pt\/faqs\/","url":"https:\/\/azoresplayground.com\/pt-pt\/faqs\/","name":"Roupas Bebe Recem Nascido - FAQS - Azores Playground","isPartOf":{"@id":"https:\/\/azoresplayground.com\/#website"},"datePublished":"2023-05-01T15:58:58+00:00","dateModified":"2023-12-22T18:16:09+00:00","description":"Descubra tudo sobre as nossas roupas para bebe recem nascido bordadas \u00e0 m\u00e3o, produzidas com algod\u00e3o org\u00e2nico. Leia as nossas FAQ's.","breadcrumb":{"@id":"https:\/\/azoresplayground.com\/pt-pt\/faqs\/#breadcrumb"},"inLanguage":"pt-PT","potentialAction":[{"@type":"ReadAction","target":["https:\/\/azoresplayground.com\/pt-pt\/faqs\/"]}]},{"@type":"BreadcrumbList","@id":"https:\/\/azoresplayground.com\/pt-pt\/faqs\/#breadcrumb","itemListElement":[{"@type":"ListItem","position":1,"name":"Home","item":"https:\/\/azoresplayground.com\/pt-pt\/"},{"@type":"ListItem","position":2,"name":"FAQ&#8217;s"}]},{"@type":"WebSite","@id":"https:\/\/azoresplayground.com\/#website","url":"https:\/\/azoresplayground.com\/","name":"Azores Playground","description":"","publisher":{"@id":"https:\/\/azoresplayground.com\/#organization"},"potentialAction":[{"@type":"SearchAction","target":{"@type":"EntryPoint","urlTemplate":"https:\/\/azoresplayground.com\/?s={search_term_string}"},"query-input":"required name=search_term_string"}],"inLanguage":"pt-PT"},{"@type":"Organization","@id":"https:\/\/azoresplayground.com\/#organization","name":"Azores Playground","url":"https:\/\/azoresplayground.com\/","logo":{"@type":"ImageObject","inLanguage":"pt-PT","@id":"https:\/\/azoresplayground.com\/#\/schema\/logo\/image\/","url":"https:\/\/azoresplayground.com\/wp-content\/uploads\/2023\/04\/LOGO_COR_SEMFUNDO.png","contentUrl":"https:\/\/azoresplayground.com\/wp-content\/uploads\/2023\/04\/LOGO_COR_SEMFUNDO.png","width":205,"height":113,"caption":"Azores Playground"},"image":{"@id":"https:\/\/azoresplayground.com\/#\/schema\/logo\/image\/"},"sameAs":["https:\/\/www.facebook.com\/azoresplayground\/","https:\/\/www.instagram.com\/azoresplayground\/"]}]}},"_links":{"self":[{"href":"https:\/\/azoresplayground.com\/pt-pt\/wp-json\/wp\/v2\/pages\/10121","targetHints":{"allow":["GET"]}}],"collection":[{"href":"https:\/\/azoresplayground.com\/pt-pt\/wp-json\/wp\/v2\/pages"}],"about":[{"href":"https:\/\/azoresplayground.com\/pt-pt\/wp-json\/wp\/v2\/types\/page"}],"author":[{"embeddable":true,"href":"https:\/\/azoresplayground.com\/pt-pt\/wp-json\/wp\/v2\/users\/6"}],"replies":[{"embeddable":true,"href":"https:\/\/azoresplayground.com\/pt-pt\/wp-json\/wp\/v2\/comments?post=10121"}],"version-history":[{"count":17,"href":"https:\/\/azoresplayground.com\/pt-pt\/wp-json\/wp\/v2\/pages\/10121\/revisions"}],"predecessor-version":[{"id":11982,"href":"https:\/\/azoresplayground.com\/pt-pt\/wp-json\/wp\/v2\/pages\/10121\/revisions\/11982"}],"wp:featuredmedia":[{"embeddable":true,"href":"https:\/\/azoresplayground.com\/pt-pt\/wp-json\/wp\/v2\/media\/11581"}],"wp:attachment":[{"href":"https:\/\/azoresplayground.com\/pt-pt\/wp-json\/wp\/v2\/media?parent=10121"}],"curies":[{"name":"wp","href":"https:\/\/api.w.org\/{rel}","templated":true}]}}