{"id":14055,"date":"2023-11-01T18:49:42","date_gmt":"2023-11-01T18:49:42","guid":{"rendered":"https:\/\/azoresplayground.com\/product\/praia-da-vitoria-knit-romper\/"},"modified":"2023-11-12T15:15:19","modified_gmt":"2023-11-12T15:15:19","slug":"praia-da-vitoria-knit-romper","status":"publish","type":"product","link":"https:\/\/azoresplayground.com\/es\/producto\/praia-da-vitoria-knit-romper\/","title":{"rendered":"Praia da Vit\u00f3ria Knit Romper"},"content":{"rendered":"","protected":false},"excerpt":{"rendered":"<p>Praia da Vit\u00f3ria Knit Romper, inspired by the coastal beauty of Praia da Vit\u00f3ria in Terceira Island, Azores. Crafted from a blend of recycled fibers (15% cotton, 15% polyamide, and 70% acrylic), this romper blends sustainability with style. Whether your little one is exploring winter beach adventures or enjoying a cozy day at home, this romper offers both comfort and island flair. It&#8217;s more than clothing; it&#8217;s a part of your child&#8217;s story, capturing the charm of Terceira&#8217;s coastline.<\/p>\n","protected":false},"featured_media":13925,"template":"","meta":{"_joinchat":[]},"product_cat":[416,316,315,370,151],"product_tag":[371,251,318,248],"class_list":["post-14055","product","type-product","status-publish","has-post-thumbnail","hentry","product_cat-eco-island-adventures-es","product_cat-baby-es","product_cat-baby-girl-es","product_cat-baby-boy-es","product_cat-recien-nacido","product_tag-baby-es","product_tag-fibras-recicladas-es","product_tag-newborn-es","product_tag-punto"],"acf":[],"yoast_head":"<!-- This site is optimized with the Yoast SEO plugin v20.7 - https:\/\/yoast.com\/wordpress\/plugins\/seo\/ -->\n<title>Praia da Vit\u00f3ria Knit Romper - Azores Playground<\/title>\n<meta name=\"description\" content=\"Praia da Vit\u00f3ria Knit Romper, inspired by the coastal beauty of Praia da Vit\u00f3ria in Terceira Island, Azores. Crafted from a blend of recycled fibers (15% cotton, 15% polyamide, and 70% acrylic), this romper blends sustainability with style.\" \/>\n<meta name=\"robots\" content=\"index, follow, max-snippet:-1, max-image-preview:large, max-video-preview:-1\" \/>\n<link rel=\"canonical\" href=\"https:\/\/azoresplayground.com\/es\/producto\/praia-da-vitoria-knit-romper\/\" \/>\n<meta property=\"og:locale\" content=\"es_ES\" \/>\n<meta property=\"og:type\" content=\"article\" \/>\n<meta property=\"og:title\" content=\"Praia da Vit\u00f3ria Knit Romper - Azores Playground\" \/>\n<meta property=\"og:description\" content=\"Praia da Vit\u00f3ria Knit Romper, inspired by the coastal beauty of Praia da Vit\u00f3ria in Terceira Island, Azores. Crafted from a blend of recycled fibers (15% cotton, 15% polyamide, and 70% acrylic), this romper blends sustainability with style.\" \/>\n<meta property=\"og:url\" content=\"https:\/\/azoresplayground.com\/es\/producto\/praia-da-vitoria-knit-romper\/\" \/>\n<meta property=\"og:site_name\" content=\"Azores Playground\" \/>\n<meta property=\"article:publisher\" content=\"https:\/\/www.facebook.com\/azoresplayground\/\" \/>\n<meta property=\"article:modified_time\" content=\"2023-11-12T15:15:19+00:00\" \/>\n<meta property=\"og:image\" content=\"https:\/\/azoresplayground.com\/wp-content\/uploads\/2023\/11\/DSC05655.jpg\" \/>\n\t<meta property=\"og:image:width\" content=\"1699\" \/>\n\t<meta property=\"og:image:height\" content=\"2470\" \/>\n\t<meta property=\"og:image:type\" content=\"image\/jpeg\" \/>\n<meta name=\"twitter:card\" content=\"summary_large_image\" \/>\n<script type=\"application\/ld+json\" class=\"yoast-schema-graph\">{\"@context\":\"https:\/\/schema.org\",\"@graph\":[{\"@type\":\"WebPage\",\"@id\":\"https:\/\/azoresplayground.com\/es\/producto\/praia-da-vitoria-knit-romper\/\",\"url\":\"https:\/\/azoresplayground.com\/es\/producto\/praia-da-vitoria-knit-romper\/\",\"name\":\"Praia da Vit\u00f3ria Knit Romper - Azores Playground\",\"isPartOf\":{\"@id\":\"https:\/\/azoresplayground.com\/#website\"},\"datePublished\":\"2023-11-01T18:49:42+00:00\",\"dateModified\":\"2023-11-12T15:15:19+00:00\",\"description\":\"Praia da Vit\u00f3ria Knit Romper, inspired by the coastal beauty of Praia da Vit\u00f3ria in Terceira Island, Azores. Crafted from a blend of recycled fibers (15% cotton, 15% polyamide, and 70% acrylic), this romper blends sustainability with style.\",\"breadcrumb\":{\"@id\":\"https:\/\/azoresplayground.com\/es\/producto\/praia-da-vitoria-knit-romper\/#breadcrumb\"},\"inLanguage\":\"es\",\"potentialAction\":[{\"@type\":\"ReadAction\",\"target\":[\"https:\/\/azoresplayground.com\/es\/producto\/praia-da-vitoria-knit-romper\/\"]}]},{\"@type\":\"BreadcrumbList\",\"@id\":\"https:\/\/azoresplayground.com\/es\/producto\/praia-da-vitoria-knit-romper\/#breadcrumb\",\"itemListElement\":[{\"@type\":\"ListItem\",\"position\":1,\"name\":\"Home\",\"item\":\"https:\/\/azoresplayground.com\/es\/\"},{\"@type\":\"ListItem\",\"position\":2,\"name\":\"Tienda\",\"item\":\"https:\/\/azoresplayground.com\/es\/tienda\/\"},{\"@type\":\"ListItem\",\"position\":3,\"name\":\"Praia da Vit\u00f3ria Knit Romper\"}]},{\"@type\":\"WebSite\",\"@id\":\"https:\/\/azoresplayground.com\/#website\",\"url\":\"https:\/\/azoresplayground.com\/\",\"name\":\"Azores Playground\",\"description\":\"\",\"publisher\":{\"@id\":\"https:\/\/azoresplayground.com\/#organization\"},\"potentialAction\":[{\"@type\":\"SearchAction\",\"target\":{\"@type\":\"EntryPoint\",\"urlTemplate\":\"https:\/\/azoresplayground.com\/?s={search_term_string}\"},\"query-input\":\"required name=search_term_string\"}],\"inLanguage\":\"es\"},{\"@type\":\"Organization\",\"@id\":\"https:\/\/azoresplayground.com\/#organization\",\"name\":\"Azores Playground\",\"url\":\"https:\/\/azoresplayground.com\/\",\"logo\":{\"@type\":\"ImageObject\",\"inLanguage\":\"es\",\"@id\":\"https:\/\/azoresplayground.com\/#\/schema\/logo\/image\/\",\"url\":\"https:\/\/azoresplayground.com\/wp-content\/uploads\/2023\/04\/LOGO_COR_SEMFUNDO.png\",\"contentUrl\":\"https:\/\/azoresplayground.com\/wp-content\/uploads\/2023\/04\/LOGO_COR_SEMFUNDO.png\",\"width\":205,\"height\":113,\"caption\":\"Azores Playground\"},\"image\":{\"@id\":\"https:\/\/azoresplayground.com\/#\/schema\/logo\/image\/\"},\"sameAs\":[\"https:\/\/www.facebook.com\/azoresplayground\/\",\"https:\/\/www.instagram.com\/azoresplayground\/\"]}]}<\/script>\n<!-- \/ Yoast SEO plugin. -->","yoast_head_json":{"title":"Praia da Vit\u00f3ria Knit Romper - Azores Playground","description":"Praia da Vit\u00f3ria Knit Romper, inspired by the coastal beauty of Praia da Vit\u00f3ria in Terceira Island, Azores. Crafted from a blend of recycled fibers (15% cotton, 15% polyamide, and 70% acrylic), this romper blends sustainability with style.","robots":{"index":"index","follow":"follow","max-snippet":"max-snippet:-1","max-image-preview":"max-image-preview:large","max-video-preview":"max-video-preview:-1"},"canonical":"https:\/\/azoresplayground.com\/es\/producto\/praia-da-vitoria-knit-romper\/","og_locale":"es_ES","og_type":"article","og_title":"Praia da Vit\u00f3ria Knit Romper - Azores Playground","og_description":"Praia da Vit\u00f3ria Knit Romper, inspired by the coastal beauty of Praia da Vit\u00f3ria in Terceira Island, Azores. Crafted from a blend of recycled fibers (15% cotton, 15% polyamide, and 70% acrylic), this romper blends sustainability with style.","og_url":"https:\/\/azoresplayground.com\/es\/producto\/praia-da-vitoria-knit-romper\/","og_site_name":"Azores Playground","article_publisher":"https:\/\/www.facebook.com\/azoresplayground\/","article_modified_time":"2023-11-12T15:15:19+00:00","og_image":[{"width":1699,"height":2470,"url":"https:\/\/azoresplayground.com\/wp-content\/uploads\/2023\/11\/DSC05655.jpg","type":"image\/jpeg"}],"twitter_card":"summary_large_image","schema":{"@context":"https:\/\/schema.org","@graph":[{"@type":"WebPage","@id":"https:\/\/azoresplayground.com\/es\/producto\/praia-da-vitoria-knit-romper\/","url":"https:\/\/azoresplayground.com\/es\/producto\/praia-da-vitoria-knit-romper\/","name":"Praia da Vit\u00f3ria Knit Romper - Azores Playground","isPartOf":{"@id":"https:\/\/azoresplayground.com\/#website"},"datePublished":"2023-11-01T18:49:42+00:00","dateModified":"2023-11-12T15:15:19+00:00","description":"Praia da Vit\u00f3ria Knit Romper, inspired by the coastal beauty of Praia da Vit\u00f3ria in Terceira Island, Azores. Crafted from a blend of recycled fibers (15% cotton, 15% polyamide, and 70% acrylic), this romper blends sustainability with style.","breadcrumb":{"@id":"https:\/\/azoresplayground.com\/es\/producto\/praia-da-vitoria-knit-romper\/#breadcrumb"},"inLanguage":"es","potentialAction":[{"@type":"ReadAction","target":["https:\/\/azoresplayground.com\/es\/producto\/praia-da-vitoria-knit-romper\/"]}]},{"@type":"BreadcrumbList","@id":"https:\/\/azoresplayground.com\/es\/producto\/praia-da-vitoria-knit-romper\/#breadcrumb","itemListElement":[{"@type":"ListItem","position":1,"name":"Home","item":"https:\/\/azoresplayground.com\/es\/"},{"@type":"ListItem","position":2,"name":"Tienda","item":"https:\/\/azoresplayground.com\/es\/tienda\/"},{"@type":"ListItem","position":3,"name":"Praia da Vit\u00f3ria Knit Romper"}]},{"@type":"WebSite","@id":"https:\/\/azoresplayground.com\/#website","url":"https:\/\/azoresplayground.com\/","name":"Azores Playground","description":"","publisher":{"@id":"https:\/\/azoresplayground.com\/#organization"},"potentialAction":[{"@type":"SearchAction","target":{"@type":"EntryPoint","urlTemplate":"https:\/\/azoresplayground.com\/?s={search_term_string}"},"query-input":"required name=search_term_string"}],"inLanguage":"es"},{"@type":"Organization","@id":"https:\/\/azoresplayground.com\/#organization","name":"Azores Playground","url":"https:\/\/azoresplayground.com\/","logo":{"@type":"ImageObject","inLanguage":"es","@id":"https:\/\/azoresplayground.com\/#\/schema\/logo\/image\/","url":"https:\/\/azoresplayground.com\/wp-content\/uploads\/2023\/04\/LOGO_COR_SEMFUNDO.png","contentUrl":"https:\/\/azoresplayground.com\/wp-content\/uploads\/2023\/04\/LOGO_COR_SEMFUNDO.png","width":205,"height":113,"caption":"Azores Playground"},"image":{"@id":"https:\/\/azoresplayground.com\/#\/schema\/logo\/image\/"},"sameAs":["https:\/\/www.facebook.com\/azoresplayground\/","https:\/\/www.instagram.com\/azoresplayground\/"]}]}},"_links":{"self":[{"href":"https:\/\/azoresplayground.com\/es\/wp-json\/wp\/v2\/product\/14055","targetHints":{"allow":["GET"]}}],"collection":[{"href":"https:\/\/azoresplayground.com\/es\/wp-json\/wp\/v2\/product"}],"about":[{"href":"https:\/\/azoresplayground.com\/es\/wp-json\/wp\/v2\/types\/product"}],"version-history":[{"count":1,"href":"https:\/\/azoresplayground.com\/es\/wp-json\/wp\/v2\/product\/14055\/revisions"}],"predecessor-version":[{"id":14337,"href":"https:\/\/azoresplayground.com\/es\/wp-json\/wp\/v2\/product\/14055\/revisions\/14337"}],"wp:featuredmedia":[{"embeddable":true,"href":"https:\/\/azoresplayground.com\/es\/wp-json\/wp\/v2\/media\/13925"}],"wp:attachment":[{"href":"https:\/\/azoresplayground.com\/es\/wp-json\/wp\/v2\/media?parent=14055"}],"wp:term":[{"taxonomy":"product_cat","embeddable":true,"href":"https:\/\/azoresplayground.com\/es\/wp-json\/wp\/v2\/product_cat?post=14055"},{"taxonomy":"product_tag","embeddable":true,"href":"https:\/\/azoresplayground.com\/es\/wp-json\/wp\/v2\/product_tag?post=14055"}],"curies":[{"name":"wp","href":"https:\/\/api.w.org\/{rel}","templated":true}]}}